{"id":1217,"date":"2021-01-18T09:41:56","date_gmt":"2021-01-18T09:41:56","guid":{"rendered":"https:\/\/www.enprensa.org\/taboada\/wordpress\/?page_id=1217"},"modified":"2021-03-01T14:57:56","modified_gmt":"2021-03-01T14:57:56","slug":"politica-de-cookies","status":"publish","type":"page","link":"https:\/\/www.enprensa.org\/taboada\/wordpress\/politica-de-cookies\/","title":{"rendered":"Politica de cookies"},"content":{"rendered":"<p>[et_pb_section fb_built=\u00bb1&#8243; custom_padding_last_edited=\u00bbon|phone\u00bb admin_label=\u00bbHero Section\u00bb _builder_version=\u00bb4.6.6&#8243; use_background_color_gradient=\u00bbon\u00bb background_color_gradient_start=\u00bb#173160&#8243; background_color_gradient_end=\u00bbrgba(244,240,233,0)\u00bb background_color_gradient_direction=\u00bb90deg\u00bb background_color_gradient_start_position=\u00bb30%\u00bb background_color_gradient_overlays_image=\u00bbon\u00bb background_enable_image=\u00bboff\u00bb background_position=\u00bbtop_center\u00bb min_height=\u00bb192px\u00bb custom_margin=\u00bb||-32px||false|false\u00bb custom_margin_tablet=\u00bb\u00bb custom_margin_phone=\u00bb||-51px||false|false\u00bb custom_margin_last_edited=\u00bbon|phone\u00bb custom_padding=\u00bb38px|0px|27px|0px|false|false\u00bb custom_padding_tablet=\u00bb\u00bb custom_padding_phone=\u00bb35px||17px||false|false\u00bb][et_pb_row custom_padding_last_edited=\u00bboff|desktop\u00bb admin_label=\u00bbHero Area\u00bb _builder_version=\u00bb4.6.6&#8243; custom_padding=\u00bb0px|0px|0px|0px|false|false\u00bb][et_pb_column type=\u00bb4_4&#8243; _builder_version=\u00bb4.6.6&#8243; custom_padding=\u00bb||||false|false\u00bb custom_padding_tablet=\u00bb\u00bb custom_padding_phone=\u00bb\u00bb custom_padding_last_edited=\u00bbon|desktop\u00bb custom_padding__hover=\u00bb|||\u00bb][et_pb_text content_tablet=\u00bb\u00bb content_phone=\u00bb<\/p>\n<p><span color=%22#ffffff%22 style=%22color: #ffffff;%22>Pol\u00edtica de cookies<\/span><\/p>\n<p>\u00bb content_last_edited=\u00bbon|phone\u00bb admin_label=\u00bbHero Title\u00bb _builder_version=\u00bb4.6.6&#8243; _module_preset=\u00bb955d8425-31b5-40c7-a826-83440925f200&#8243; text_font=\u00bbPlayfair Display||||||||\u00bb text_text_color=\u00bb#00245b\u00bb text_font_size=\u00bb34px\u00bb text_line_height=\u00bb1.6em\u00bb header_font=\u00bbAlice||||||||\u00bb header_font_size=\u00bb80px\u00bb header_letter_spacing=\u00bb-3px\u00bb header_line_height=\u00bb1.1em\u00bb custom_margin=\u00bb||0px|\u00bb custom_padding=\u00bb|||\u00bb animation_style=\u00bbslide\u00bb animation_direction=\u00bbleft\u00bb animation_intensity_slide=\u00bb5%\u00bb animation_starting_opacity=\u00bb100%\u00bb text_font_size_last_edited=\u00bboff|desktop\u00bb header_font_size_tablet=\u00bb\u00bb header_font_size_phone=\u00bb60px\u00bb header_font_size_last_edited=\u00bbon|phone\u00bb]<\/p>\n<h1><span color=\"#ffffff\" style=\"color: #ffffff;\">Pol\u00edtica de cookies<\/span><\/h1>\n<p>[\/et_pb_text][\/et_pb_column][\/et_pb_row][\/et_pb_section][et_pb_section fb_built=\u00bb1&#8243; custom_padding_last_edited=\u00bbon|phone\u00bb admin_label=\u00bbHistory\u00bb _builder_version=\u00bb4.6.6&#8243; background_color=\u00bb#e7efef\u00bb use_background_color_gradient=\u00bbon\u00bb background_color_gradient_start=\u00bb#ffffff\u00bb background_color_gradient_end=\u00bbrgba(213,222,232,0)\u00bb background_color_gradient_direction=\u00bb90deg\u00bb background_color_gradient_start_position=\u00bb30%\u00bb background_color_gradient_overlays_image=\u00bbon\u00bb background_enable_image=\u00bboff\u00bb min_height=\u00bb449px\u00bb custom_margin=\u00bb0px||0px||false|false\u00bb custom_margin_tablet=\u00bb\u00bb custom_margin_phone=\u00bb0px||21px||false|false\u00bb custom_margin_last_edited=\u00bbon|phone\u00bb custom_padding=\u00bb8px|0px|5px|0px|false|false\u00bb custom_padding_tablet=\u00bb\u00bb custom_padding_phone=\u00bb||11px||false|false\u00bb background_last_edited=\u00bbon|phone\u00bb background_color_gradient_direction_phone=\u00bb108deg\u00bb background_color_gradient_start_position_phone=\u00bb53%\u00bb locked=\u00bboff\u00bb][et_pb_row admin_label=\u00bbRow\u00bb _builder_version=\u00bb4.6.6&#8243; custom_margin=\u00bb||0px||false|false\u00bb custom_padding=\u00bb||46px||false|false\u00bb][et_pb_column type=\u00bb4_4&#8243; _builder_version=\u00bb3.25&#8243; custom_padding=\u00bb|||\u00bb custom_padding__hover=\u00bb|||\u00bb][et_pb_text _builder_version=\u00bb4.6.6&#8243; text_font=\u00bb||||||||\u00bb text_font_size=\u00bb16px\u00bb text_line_height=\u00bb1.8em\u00bb header_font=\u00bb||||||||\u00bb header_2_font=\u00bbAlice||||||||\u00bb header_2_font_size=\u00bb60px\u00bb header_2_line_height=\u00bb1.3em\u00bb custom_padding=\u00bb||0px|||\u00bb animation_style=\u00bbfade\u00bb animation_direction=\u00bbbottom\u00bb animation_starting_opacity=\u00bb100%\u00bb]<\/p>\n<p class=\"p1\">Aqu\u00ed os explicamos qu\u00e9 son las cookies y c\u00f3mo las usamos. En cualquier momento, pod\u00e9is retirar vuestro consentimiento de cookies de nuestro sitio web desde vuestro navegador. Vuestro consentimiento se aplica al dominio: www.osteopatiataboadasauvage.com<\/p>\n<p class=\"p2\">\n<p class=\"p1\"><b>\u00bfQu\u00e9 son las cookies?<\/b><\/p>\n<p class=\"p1\">Las cookies son peque\u00f1os ficheros de texto que se utilizan para almacenar datos. Se almacenan en vuestro dispositivo cuando se carga el sitio web en el navegador. Estas cookies nos ayudan a hacer que nuestro sitio funcione correctamente, a hacerlo m\u00e1s seguro y a proporcionar una mejor experiencia de usuario.<\/p>\n<p class=\"p2\">\n<p class=\"p1\"><b>\u00bfC\u00f3mo utilizamos las cookies?<\/b><\/p>\n<p class=\"p1\">Como la mayor\u00eda de los servicios en l\u00ednea, nuestro sitio web utiliza cookies propias y de terceros para varios prop\u00f3sitos. Las cookies propias son b\u00e1sicamente necesarias para que el sitio web funcione correctamente y no recopilan ninguno de vuestros datos de identificaci\u00f3n personal. Las cookies de terceros sirven, principalmente, para mantener seguros nuestros servicios.<\/p>\n<p class=\"p2\">\n<p class=\"p1\"><b>\u00bfQu\u00e9 tipos de cookies usamos?<\/b><\/p>\n<p class=\"p2\">\n<p class=\"p1\"><b>Esenciales<\/b>: algunas cookies son esenciales para que pod\u00e1is experimentar la plena funcionalidad de nuestro site. Nos permiten mantener sesiones de usuarios y prevenir amenazas de seguridad. No recopilan ni almacenan ninguna informaci\u00f3n personal.<\/p>\n<p class=\"p2\">\n<p class=\"p1\"><b>Preferencias<\/b>: estas cookies nos ayudan a almacenar vuestra configuraci\u00f3n y preferencias de navegaci\u00f3n, como por ejemplo las preferencias de idioma, de forma que teng\u00e1is una mejor y m\u00e1s eficiente experiencia en futuras visitas.<\/p>\n<p class=\"p2\">\n<p class=\"p1\"><b>\u00bfC\u00f3mo pod\u00e9is controlar las preferencias de cookies?<\/b><\/p>\n<p class=\"p1\">Las cookies las pod\u00e9is bloquear o borrar desde vuestro navegador. Para m\u00e1s informaci\u00f3n:<\/p>\n<p class=\"p2\">\n<p class=\"p3\"><span class=\"s1\">Internet Explorer: <\/span><a href=\"http:\/\/windows.microsoft.com\/es-xl\/internet-explorer\/delete-manage-cookies#ie=ie-11\" target=\"_blank\" rel=\"noopener noreferrer\"><span class=\"s2\">http:\/\/windows.microsoft.com\/es-xl\/internet-explorer\/delete-manage-cookies#ie=ie-11<\/span><\/a><\/p>\n<p class=\"p3\"><span class=\"s1\">FireFox: <\/span><a href=\"https:\/\/support.mozilla.org\/es\/kb\/Borrar%20cookies\" target=\"_blank\" rel=\"noopener noreferrer\"><span class=\"s2\">https:\/\/support.mozilla.org\/es\/kb\/Borrar%20cookies<\/span><\/a><\/p>\n<p class=\"p3\"><span class=\"s1\">Chrome: <\/span><a href=\"https:\/\/support.google.com\/chrome\/answer\/95647?hl=es\" target=\"_blank\" rel=\"noopener noreferrer\"><span class=\"s2\">https:\/\/support.google.com\/chrome\/answer\/95647?hl=es<\/span><\/a><\/p>\n<p class=\"p3\"><span class=\"s1\">Safari: <\/span><a href=\"http:\/\/www.apple.com\/legal\/privacy\/es\/cookies\/\" target=\"_blank\" rel=\"noopener noreferrer\"><span class=\"s2\">http:\/\/www.apple.com\/legal\/privacy\/es\/cookies\/<\/span><\/a><\/p>\n<p class=\"p3\"><span class=\"s1\">Opera: <\/span><a href=\"http:\/\/help.opera.com\/Linux\/10.50\/en\/cookies.html\" target=\"_blank\" rel=\"noopener noreferrer\"><span class=\"s2\">http:\/\/help.opera.com\/Linux\/10.50\/en\/cookies.html<\/span><\/a><\/p>\n<p class=\"p3\"><span class=\"s1\">Safari para iOS (dispositivos iPhone y iPad): <\/span><a href=\"http:\/\/help.opera.com\/Linux\/10.50\/en\/cookies.html\" target=\"_blank\" rel=\"noopener noreferrer\"><span class=\"s2\">http:\/\/help.opera.com\/Linux\/10.50\/en\/cookies.html<\/span><\/a><\/p>\n<p class=\"p3\"><span class=\"s1\">Chrome para Android: <\/span><a href=\"https:\/\/support.google.com\/chrome\/answer\/2392971?hl=es\" target=\"_blank\" rel=\"noopener noreferrer\"><span class=\"s2\">https:\/\/support.google.com\/chrome\/answer\/2392971?hl=es<\/span><\/a><\/p>\n<p class=\"p3\"><span class=\"s1\">Windows Phone: <\/span><a href=\"http:\/\/www.windowsphone.com\/es-es\/how-to\/wp7\/web\/changing-privacy-and-other-browser-\" target=\"_blank\" rel=\"noopener noreferrer\"><span class=\"s2\">http:\/\/www.windowsphone.com\/es-es\/how-to\/wp7\/web\/changing-privacy-and-other-browser-<\/span><\/a><\/p>\n<p class=\"p2\">\n<p class=\"p1\">Para obtener m\u00e1s informaci\u00f3n sobre la eliminaci\u00f3n, deshabilitaci\u00f3 o bloqueo de las cookies tambi\u00e9n pod\u00e9is visitar:<\/p>\n<p class=\"p1\"><a href=\"http:\/\/www.aboutcookies.org\" target=\"_blank\" rel=\"noopener noreferrer\">http:\/\/www.aboutcookies.org<\/a><\/p>\n<p class=\"p2\">\n<p class=\"p1\"><b>Advertencia<\/b>: Si elimin\u00e1is o bloque\u00e1is las cookies, la calidad de vuestra experiencia de usuario puede verse afectada.<\/p>\n<p class=\"p2\">\n<p class=\"p1\"><b>Actualizaci\u00f3n de la pol\u00edtica de cookies<\/b><\/p>\n<p class=\"p1\">Nuestra pol\u00edtica sobre cookies puede ser modificada, por eso te recomendamos revisarla cada vez que accedas a nuestro sitio web para estar informado sobre su uso.<\/p>\n<p>[\/et_pb_text][\/et_pb_column][\/et_pb_row][\/et_pb_section]<\/p>\n","protected":false},"excerpt":{"rendered":"<p>[et_pb_section fb_built=\u00bb1&#8243; custom_padding_last_edited=\u00bbon|phone\u00bb admin_label=\u00bbHero Section\u00bb _builder_version=\u00bb4.6.6&#8243; use_background_color_gradient=\u00bbon\u00bb background_color_gradient_start=\u00bb#173160&#8243; background_color_gradient_end=\u00bbrgba(244,240,233,0)\u00bb background_color_gradient_direction=\u00bb90deg\u00bb background_color_gradient_start_position=\u00bb30%\u00bb background_color_gradient_overlays_image=\u00bbon\u00bb background_enable_image=\u00bboff\u00bb background_position=\u00bbtop_center\u00bb min_height=\u00bb192px\u00bb custom_margin=\u00bb||-32px||false|false\u00bb custom_margin_tablet=\u00bb\u00bb custom_margin_phone=\u00bb||-51px||false|false\u00bb custom_margin_last_edited=\u00bbon|phone\u00bb custom_padding=\u00bb38px|0px|27px|0px|false|false\u00bb custom_padding_tablet=\u00bb\u00bb custom_padding_phone=\u00bb35px||17px||false|false\u00bb][et_pb_row custom_padding_last_edited=\u00bboff|desktop\u00bb admin_label=\u00bbHero Area\u00bb _builder_version=\u00bb4.6.6&#8243; custom_padding=\u00bb0px|0px|0px|0px|false|false\u00bb][et_pb_column type=\u00bb4_4&#8243; _builder_version=\u00bb4.6.6&#8243; custom_padding=\u00bb||||false|false\u00bb custom_padding_tablet=\u00bb\u00bb custom_padding_phone=\u00bb\u00bb custom_padding_last_edited=\u00bbon|desktop\u00bb custom_padding__hover=\u00bb|||\u00bb][et_pb_text content_tablet=\u00bb\u00bb content_phone=\u00bb Pol\u00edtica de cookies \u00bb content_last_edited=\u00bbon|phone\u00bb admin_label=\u00bbHero Title\u00bb _builder_version=\u00bb4.6.6&#8243; _module_preset=\u00bb955d8425-31b5-40c7-a826-83440925f200&#8243; text_font=\u00bbPlayfair Display||||||||\u00bb text_text_color=\u00bb#00245b\u00bb text_font_size=\u00bb34px\u00bb text_line_height=\u00bb1.6em\u00bb header_font=\u00bbAlice||||||||\u00bb header_font_size=\u00bb80px\u00bb header_letter_spacing=\u00bb-3px\u00bb header_line_height=\u00bb1.1em\u00bb custom_margin=\u00bb||0px|\u00bb [&hellip;]<\/p>\n","protected":false},"author":1,"featured_media":0,"parent":0,"menu_order":0,"comment_status":"closed","ping_status":"closed","template":"","meta":{"_et_pb_use_builder":"on","_et_pb_old_content":"","_et_gb_content_width":"","_joinchat":[],"footnotes":""},"class_list":["post-1217","page","type-page","status-publish","hentry"],"_links":{"self":[{"href":"https:\/\/www.enprensa.org\/taboada\/wordpress\/wp-json\/wp\/v2\/pages\/1217","targetHints":{"allow":["GET"]}}],"collection":[{"href":"https:\/\/www.enprensa.org\/taboada\/wordpress\/wp-json\/wp\/v2\/pages"}],"about":[{"href":"https:\/\/www.enprensa.org\/taboada\/wordpress\/wp-json\/wp\/v2\/types\/page"}],"author":[{"embeddable":true,"href":"https:\/\/www.enprensa.org\/taboada\/wordpress\/wp-json\/wp\/v2\/users\/1"}],"replies":[{"embeddable":true,"href":"https:\/\/www.enprensa.org\/taboada\/wordpress\/wp-json\/wp\/v2\/comments?post=1217"}],"version-history":[{"count":9,"href":"https:\/\/www.enprensa.org\/taboada\/wordpress\/wp-json\/wp\/v2\/pages\/1217\/revisions"}],"predecessor-version":[{"id":1582,"href":"https:\/\/www.enprensa.org\/taboada\/wordpress\/wp-json\/wp\/v2\/pages\/1217\/revisions\/1582"}],"wp:attachment":[{"href":"https:\/\/www.enprensa.org\/taboada\/wordpress\/wp-json\/wp\/v2\/media?parent=1217"}],"curies":[{"name":"wp","href":"https:\/\/api.w.org\/{rel}","templated":true}]}}