{"id":1233,"date":"2021-01-18T10:06:10","date_gmt":"2021-01-18T10:06:10","guid":{"rendered":"https:\/\/www.enprensa.org\/taboada\/wordpress\/?page_id=1233"},"modified":"2021-03-01T15:04:41","modified_gmt":"2021-03-01T15:04:41","slug":"politica-de-privacidad","status":"publish","type":"page","link":"https:\/\/www.enprensa.org\/taboada\/wordpress\/politica-de-privacidad\/","title":{"rendered":"Pol\u00edtica de privacidad"},"content":{"rendered":"<p>[et_pb_section fb_built=\u00bb1&#8243; custom_padding_last_edited=\u00bbon|phone\u00bb admin_label=\u00bbHero Section\u00bb _builder_version=\u00bb4.6.6&#8243; use_background_color_gradient=\u00bbon\u00bb background_color_gradient_start=\u00bb#173160&#8243; background_color_gradient_end=\u00bbrgba(244,240,233,0)\u00bb background_color_gradient_direction=\u00bb90deg\u00bb background_color_gradient_start_position=\u00bb30%\u00bb background_color_gradient_overlays_image=\u00bbon\u00bb background_enable_image=\u00bboff\u00bb background_position=\u00bbtop_center\u00bb min_height=\u00bb192px\u00bb custom_margin=\u00bb||-32px||false|false\u00bb custom_margin_tablet=\u00bb\u00bb custom_margin_phone=\u00bb||-51px||false|false\u00bb custom_margin_last_edited=\u00bbon|phone\u00bb custom_padding=\u00bb38px|0px|27px|0px|false|false\u00bb custom_padding_tablet=\u00bb\u00bb custom_padding_phone=\u00bb35px||17px||false|false\u00bb][et_pb_row custom_padding_last_edited=\u00bboff|desktop\u00bb admin_label=\u00bbHero Area\u00bb _builder_version=\u00bb4.6.6&#8243; custom_padding=\u00bb0px|0px|0px|0px|false|false\u00bb][et_pb_column type=\u00bb4_4&#8243; _builder_version=\u00bb4.6.6&#8243; custom_padding=\u00bb||||false|false\u00bb custom_padding_tablet=\u00bb\u00bb custom_padding_phone=\u00bb\u00bb custom_padding_last_edited=\u00bbon|desktop\u00bb custom_padding__hover=\u00bb|||\u00bb][et_pb_text content_tablet=\u00bb\u00bb content_phone=\u00bb<\/p>\n<p><span color=%22#ffffff%22 style=%22color: #ffffff;%22>Pol\u00edtica de cookies<\/span><\/p>\n<p>\u00bb content_last_edited=\u00bbon|phone\u00bb admin_label=\u00bbHero Title\u00bb _builder_version=\u00bb4.6.6&#8243; _module_preset=\u00bb955d8425-31b5-40c7-a826-83440925f200&#8243; text_font=\u00bbPlayfair Display||||||||\u00bb text_text_color=\u00bb#00245b\u00bb text_font_size=\u00bb34px\u00bb text_line_height=\u00bb1.6em\u00bb header_font=\u00bbAlice||||||||\u00bb header_font_size=\u00bb80px\u00bb header_letter_spacing=\u00bb-3px\u00bb header_line_height=\u00bb1.1em\u00bb custom_margin=\u00bb||0px|\u00bb custom_padding=\u00bb|||\u00bb animation_style=\u00bbslide\u00bb animation_direction=\u00bbleft\u00bb animation_intensity_slide=\u00bb5%\u00bb animation_starting_opacity=\u00bb100%\u00bb text_font_size_last_edited=\u00bboff|desktop\u00bb header_font_size_tablet=\u00bb\u00bb header_font_size_phone=\u00bb60px\u00bb header_font_size_last_edited=\u00bbon|phone\u00bb]<\/p>\n<h1><span color=\"#ffffff\" style=\"color: #ffffff;\">Pol\u00edtica de privacidad<\/span><\/h1>\n<p>[\/et_pb_text][\/et_pb_column][\/et_pb_row][\/et_pb_section][et_pb_section fb_built=\u00bb1&#8243; custom_padding_last_edited=\u00bbon|phone\u00bb admin_label=\u00bbHistory\u00bb _builder_version=\u00bb4.6.6&#8243; background_color=\u00bb#e7efef\u00bb use_background_color_gradient=\u00bbon\u00bb background_color_gradient_start=\u00bb#ffffff\u00bb background_color_gradient_end=\u00bbrgba(213,222,232,0)\u00bb background_color_gradient_direction=\u00bb90deg\u00bb background_color_gradient_start_position=\u00bb30%\u00bb background_color_gradient_overlays_image=\u00bbon\u00bb background_enable_image=\u00bboff\u00bb min_height=\u00bb449px\u00bb custom_margin=\u00bb0px||0px||false|false\u00bb custom_margin_tablet=\u00bb\u00bb custom_margin_phone=\u00bb0px||21px||false|false\u00bb custom_margin_last_edited=\u00bbon|phone\u00bb custom_padding=\u00bb8px|0px|5px|0px|false|false\u00bb custom_padding_tablet=\u00bb\u00bb custom_padding_phone=\u00bb||11px||false|false\u00bb background_last_edited=\u00bbon|phone\u00bb background_color_gradient_direction_phone=\u00bb108deg\u00bb background_color_gradient_start_position_phone=\u00bb53%\u00bb locked=\u00bboff\u00bb][et_pb_row admin_label=\u00bbRow\u00bb _builder_version=\u00bb4.6.6&#8243; custom_margin=\u00bb||0px||false|false\u00bb custom_padding=\u00bb||46px||false|false\u00bb][et_pb_column type=\u00bb4_4&#8243; _builder_version=\u00bb3.25&#8243; custom_padding=\u00bb|||\u00bb custom_padding__hover=\u00bb|||\u00bb][et_pb_text _builder_version=\u00bb4.6.6&#8243; text_font=\u00bb||||||||\u00bb text_font_size=\u00bb16px\u00bb text_line_height=\u00bb1.8em\u00bb header_font=\u00bb||||||||\u00bb header_2_font=\u00bbAlice||||||||\u00bb header_2_font_size=\u00bb60px\u00bb header_2_line_height=\u00bb1.3em\u00bb custom_padding=\u00bb||0px|||\u00bb animation_style=\u00bbfade\u00bb animation_direction=\u00bbbottom\u00bb animation_starting_opacity=\u00bb100%\u00bb hover_enabled=\u00bb0&#8243; sticky_enabled=\u00bb0&#8243;]<\/p>\n<p class=\"p1\"><span class=\"s1\">Gabriel Taboada Sauvage se compromete a proteger la privacidad de los usuarios que accedan a esta web y \/ o cualquiera de sus servicios. La utilizaci\u00f3n de la web y \/ o de cualquiera de los servicios ofrecidos por Gabriel Taboada Sauvage, implica la aceptaci\u00f3n por parte del usuario de las disposiciones contenidas en la presente Pol\u00edtica de Privacidad y que sus datos personales sean tratados seg\u00fan se estipula. Por favor, tenga en cuenta que a pesar de que pueda haber enlaces de nuestra web a otras webs, esta Pol\u00edtica de Privacidad no se aplica a las webs de otras compa\u00f1\u00edas u organizaciones a las que la web est\u00e9 redirigido. Gabriel Taboada Sauvage no controla el contenido de los sitios de terceros ni acepta ning\u00fan tipo de responsabilidad por el contenido o las pol\u00edticas de privacidad de estos sitios.<\/span><\/p>\n<p class=\"p1\"><span class=\"s1\">Informaci\u00f3n sobre el tratamiento de datos (Reglamento (UE) 2016\/679 y LO 3\/2018)<\/span><\/p>\n<p class=\"p1\"><span class=\"s1\">Responsable del tratamiento:\u00a0<\/span><span class=\"s1\">Gabriel Taboada Sauvage.<br \/><\/span><span class=\"s1\">Nuestros datos figuran en el aviso legal de esta web.<br \/><\/span><span class=\"s1\">Finalidad del tratamiento: Ofrecer y gestionar nuestros productos y \/ o servicios.<br \/><\/span><span class=\"s1\">Legitimaci\u00f3n: Consentimiento obtenido del interesado. Ejecuci\u00f3n del contrato de servicios.<br \/><\/span><span class=\"s1\">Destinatarios: Los datos no ser\u00e1n comunicados a terceros, a menos que lo exija una ley o sea necesario para cumplir con la finalidad del tratamiento.<\/span><\/p>\n<p class=\"p1\"><strong><span class=\"s1\">Derechos de las personas:<\/span><\/strong><\/p>\n<p class=\"p1\"><span class=\"s1\">Los interesados \u200b\u200btienen derecho a ejercer los derechos de acceso, rectificaci\u00f3n, limitaci\u00f3n de tratamiento, supresi\u00f3n, portabilidad y oposici\u00f3n, enviando su solicitud a nuestra direcci\u00f3n.<br \/><\/span><span style=\"font-size: 16px;\">Plazo de conservaci\u00f3n de los datos: Mientras se mantenga la relaci\u00f3n comercial o durante los a\u00f1os necesarios para cumplir con las obligaciones legales.<br \/><\/span><span style=\"font-size: 16px;\">Reclamaci\u00f3n: Los interesados \u200b\u200bpueden dirigirse a la AEPD para presentar la reclamaci\u00f3n que considere oportuna.<\/span><\/p>\n<p class=\"p2\"><span class=\"s1\"><\/span><\/p>\n<p class=\"p1\"><strong><span class=\"s1\">CUESTIONES SOBRE PRIVACIDAD<\/span><\/strong><\/p>\n<p class=\"p1\"><span class=\"s1\">En cumplimiento del Reglamento (UE) 2016\/679 del Parlamento Europeo y del Consejo, de 27 de abril de 2016, (RGPD) y la Ley Org\u00e1nica 3\/2018, de 5 de diciembre, de Protecci\u00f3n de Datos Personales y garant\u00eda de los derechos digitales (LOPDGDD), le ofrecemos la siguiente informaci\u00f3n sobre el tratamiento de sus datos personales:<\/span><\/p>\n<p class=\"p2\"><span class=\"s1\"><\/span><\/p>\n<p class=\"p1\"><strong><span class=\"s1\">\u00bfQui\u00e9n es el responsable del tratamiento de sus datos?<\/span><\/strong><\/p>\n<p class=\"p1\"><span class=\"s1\">Gabriel Taboada Sauvage<br \/><\/span><span class=\"s1\">Nuestros datos figuran en el aviso legal de esta web.<\/span><\/p>\n<p class=\"p2\"><span class=\"s1\"><\/span><\/p>\n<p class=\"p1\"><strong><span class=\"s1\">\u00bfCon qu\u00e9 finalidad tratamos sus datos personales?<\/span><\/strong><\/p>\n<p class=\"p1\"><span class=\"s1\">Nuestro sitio web, a trav\u00e9s del whatsapp o los correos electr\u00f3nicos puestos a disposici\u00f3n, podr\u00e1 recoger los datos personales que proporcione a trav\u00e9s de estos medios. Nuestro sitio web utiliza la informaci\u00f3n para proporcionar el mejor servicio posible, particularmente recogemos datos de contacto para poder responder a las demandas recibidas a trav\u00e9s de nuestra web.<\/span><\/p>\n<p class=\"p2\"><span class=\"s1\"><\/span><\/p>\n<p class=\"p1\"><strong><span class=\"s1\">Durante cu\u00e1nto tiempo conservaremos sus datos?<\/span><\/strong><\/p>\n<p class=\"p1\"><span class=\"s1\">Los datos personales proporcionados se conservar\u00e1n mientras sea usuario de nuestros servicios o quiera recibir informaci\u00f3n, y si participa en una promoci\u00f3n mientras est\u00e9 activa, y luego, durante el plazos establecidos para cumplir con nuestras obligaciones legales.<\/span><\/p>\n<p class=\"p2\"><span class=\"s1\"><\/span><\/p>\n<p class=\"p1\"><strong><span class=\"s1\">\u00bfCu\u00e1l es la legitimaci\u00f3n para el tratamiento de sus datos?<\/span><\/strong><\/p>\n<p class=\"p1\"><span class=\"s1\">La base legal para los tratamientos de sus datos son los consentimientos que nos da.<br \/><\/span><span class=\"s1\">Respecto a la informaci\u00f3n que nos sea enviada por menores de 16 a\u00f1os, se entender\u00e1 que lo ha sido con el consentimiento de sus representantes legales. Si no es as\u00ed, el representante legal del menor nos lo comunicar\u00e1 tan pronto como tenga conocimiento.<\/span><\/p>\n<p class=\"p2\"><span class=\"s1\"><\/span><\/p>\n<p class=\"p1\"><strong><span class=\"s1\">A qu\u00e9 destinatarios se comunicar\u00e1n sus datos?<\/span><\/strong><\/p>\n<p class=\"p1\"><span class=\"s1\">Los datos no ser\u00e1n comunicados a terceros, a menos que lo exija una ley o sea necesario para cumplir con la finalidad del tratamiento.<\/span><\/p>\n<p class=\"p2\"><span class=\"s1\"><\/span><\/p>\n<p class=\"p1\"><strong><span class=\"s1\">\u00bfCu\u00e1les son sus derechos cuando nos facilita sus datos?<\/span><\/strong><\/p>\n<p class=\"p1\"><span class=\"s1\">Cualquier persona tiene derecho a obtener confirmaci\u00f3n sobre si estamos tratando o no sus datos personales.<br \/><\/span><span class=\"s1\">Los interesados \u200b\u200btienen derecho a acceder a sus datos personales, as\u00ed como a solicitar la rectificaci\u00f3n de los datos inexactos o, en su caso, solicitar su supresi\u00f3n cuando, entre otros motivos, los datos ya no sean necesarias para las finalidades para las que se recogieron.<br \/><\/span><span class=\"s1\">En determinadas circunstancias los interesados \u200b\u200bpodr\u00e1n solicitar la limitaci\u00f3n del tratamiento de sus datos, en este caso \u00fanicamente las conservaremos para el ejercicio o la defensa de reclamaciones.<br \/><\/span><span class=\"s1\">Tambi\u00e9n, en determinadas circunstancias y por motivos relacionados con su situaci\u00f3n particular, los interesados \u200b\u200bpueden oponerse al tratamiento de sus datos. En este caso dejaremos de tratarlas, excepto por motivos leg\u00edtimos imperiosos o para el ejercicio o la defensa de posibles reclamaciones.<br \/><\/span><span class=\"s1\">Los interesados \u200b\u200btambi\u00e9n tienen derecho a la portabilidad de sus datos.<br \/><\/span><span class=\"s1\">Finalmente, los interesados \u200b\u200btienen derecho a presentar una reclamaci\u00f3n ante la Autoridad de Control competente.<\/span><\/p>\n<p class=\"p2\"><span class=\"s1\"><\/span><\/p>\n<p class=\"p1\"><strong><span class=\"s1\">Como puede ejercer sus derechos?<\/span><\/strong><\/p>\n<p class=\"p1\"><span class=\"s1\">Enviando un escrito adjuntando una copia de un documento que lo identifique, a nuestra direcci\u00f3n f\u00edsica o la electr\u00f3nica.<\/span><\/p>\n<p class=\"p2\"><span class=\"s1\"><\/span><\/p>\n<p class=\"p1\"><strong><span class=\"s1\">Como hemos obtenido sus datos?<\/span><\/strong><\/p>\n<p class=\"p1\"><span class=\"s1\">Los datos personales que tratamos proceden del propio interesado, quien garantiza que los datos personales facilitados son ciertos y se hace responsable de comunicar cualquier modificaci\u00f3n. Los datos que est\u00e9n marcadas con un asterisco son obligatorios para poder darle el servicio solicitado.<\/span><\/p>\n<p class=\"p2\"><span class=\"s1\"><\/span><\/p>\n<p class=\"p1\"><strong><span class=\"s1\">Qu\u00e9 datos tratamos?<\/span><\/strong><\/p>\n<p class=\"p1\"><span class=\"s1\">Las categor\u00edas de datos que podemos tratar son:<\/span><\/p>\n<p class=\"p1\"><span class=\"s1\">Datos de car\u00e1cter identificativo.<br \/><\/span><span class=\"s1\">Direcciones postales o electr\u00f3nicas y tel\u00e9fono.<br \/><\/span><span class=\"s1\">Los datos son limitados, dado que \u00fanicamente tratamos los datos necesarios para la prestaci\u00f3n de nuestros servicios y la gesti\u00f3n de nuestra actividad.<\/span><\/p>\n<p class=\"p2\"><span class=\"s1\"><\/span><\/p>\n<p class=\"p1\"><strong><span class=\"s1\">Utilizamos cookies?<\/span><\/strong><\/p>\n<p class=\"p1\"><span class=\"s1\">Utilizamos cookies durante la navegaci\u00f3n en nuestra web con el consentimiento informado del usuario. El usuario puede configurar su navegador para ser avisado de la utilizaci\u00f3n de cookies y para evitar su uso. Para obtener m\u00e1s informaci\u00f3n visite nuestra pol\u00edtica de cookies.<\/span><\/p>\n<p class=\"p2\"><span class=\"s1\"><\/span><\/p>\n<p class=\"p1\"><strong><span class=\"s1\">\u00bfQu\u00e9 medidas de seguridad aplicamos?<\/span><\/strong><\/p>\n<p class=\"p1\"><span class=\"s1\">Aplicamos las medidas de seguridad establecidas en el art\u00edculo 32 del RGPD, por tanto hemos adoptado las medidas de seguridad necesarias para garantizar un nivel de seguridad adecuado al riesgo del tratamiento de datos que realizamos, con mecanismos que nos permiten garantizar la confidencialidad, integridad, disponibilidad y resiliencia permanente de los sistemas y servicios de tratamiento.<\/span><\/p>\n<p>[\/et_pb_text][\/et_pb_column][\/et_pb_row][\/et_pb_section]<\/p>\n","protected":false},"excerpt":{"rendered":"<p>[et_pb_section fb_built=\u00bb1&#8243; custom_padding_last_edited=\u00bbon|phone\u00bb admin_label=\u00bbHero Section\u00bb _builder_version=\u00bb4.6.6&#8243; use_background_color_gradient=\u00bbon\u00bb background_color_gradient_start=\u00bb#173160&#8243; background_color_gradient_end=\u00bbrgba(244,240,233,0)\u00bb background_color_gradient_direction=\u00bb90deg\u00bb background_color_gradient_start_position=\u00bb30%\u00bb background_color_gradient_overlays_image=\u00bbon\u00bb background_enable_image=\u00bboff\u00bb background_position=\u00bbtop_center\u00bb min_height=\u00bb192px\u00bb custom_margin=\u00bb||-32px||false|false\u00bb custom_margin_tablet=\u00bb\u00bb custom_margin_phone=\u00bb||-51px||false|false\u00bb custom_margin_last_edited=\u00bbon|phone\u00bb custom_padding=\u00bb38px|0px|27px|0px|false|false\u00bb custom_padding_tablet=\u00bb\u00bb custom_padding_phone=\u00bb35px||17px||false|false\u00bb][et_pb_row custom_padding_last_edited=\u00bboff|desktop\u00bb admin_label=\u00bbHero Area\u00bb _builder_version=\u00bb4.6.6&#8243; custom_padding=\u00bb0px|0px|0px|0px|false|false\u00bb][et_pb_column type=\u00bb4_4&#8243; _builder_version=\u00bb4.6.6&#8243; custom_padding=\u00bb||||false|false\u00bb custom_padding_tablet=\u00bb\u00bb custom_padding_phone=\u00bb\u00bb custom_padding_last_edited=\u00bbon|desktop\u00bb custom_padding__hover=\u00bb|||\u00bb][et_pb_text content_tablet=\u00bb\u00bb content_phone=\u00bb Pol\u00edtica de cookies \u00bb content_last_edited=\u00bbon|phone\u00bb admin_label=\u00bbHero Title\u00bb _builder_version=\u00bb4.6.6&#8243; _module_preset=\u00bb955d8425-31b5-40c7-a826-83440925f200&#8243; text_font=\u00bbPlayfair Display||||||||\u00bb text_text_color=\u00bb#00245b\u00bb text_font_size=\u00bb34px\u00bb text_line_height=\u00bb1.6em\u00bb header_font=\u00bbAlice||||||||\u00bb header_font_size=\u00bb80px\u00bb header_letter_spacing=\u00bb-3px\u00bb header_line_height=\u00bb1.1em\u00bb custom_margin=\u00bb||0px|\u00bb [&hellip;]<\/p>\n","protected":false},"author":1,"featured_media":0,"parent":0,"menu_order":0,"comment_status":"closed","ping_status":"closed","template":"","meta":{"_et_pb_use_builder":"on","_et_pb_old_content":"","_et_gb_content_width":"","_joinchat":[],"footnotes":""},"class_list":["post-1233","page","type-page","status-publish","hentry"],"_links":{"self":[{"href":"https:\/\/www.enprensa.org\/taboada\/wordpress\/wp-json\/wp\/v2\/pages\/1233","targetHints":{"allow":["GET"]}}],"collection":[{"href":"https:\/\/www.enprensa.org\/taboada\/wordpress\/wp-json\/wp\/v2\/pages"}],"about":[{"href":"https:\/\/www.enprensa.org\/taboada\/wordpress\/wp-json\/wp\/v2\/types\/page"}],"author":[{"embeddable":true,"href":"https:\/\/www.enprensa.org\/taboada\/wordpress\/wp-json\/wp\/v2\/users\/1"}],"replies":[{"embeddable":true,"href":"https:\/\/www.enprensa.org\/taboada\/wordpress\/wp-json\/wp\/v2\/comments?post=1233"}],"version-history":[{"count":6,"href":"https:\/\/www.enprensa.org\/taboada\/wordpress\/wp-json\/wp\/v2\/pages\/1233\/revisions"}],"predecessor-version":[{"id":1586,"href":"https:\/\/www.enprensa.org\/taboada\/wordpress\/wp-json\/wp\/v2\/pages\/1233\/revisions\/1586"}],"wp:attachment":[{"href":"https:\/\/www.enprensa.org\/taboada\/wordpress\/wp-json\/wp\/v2\/media?parent=1233"}],"curies":[{"name":"wp","href":"https:\/\/api.w.org\/{rel}","templated":true}]}}