{"id":963,"date":"2021-01-13T08:14:03","date_gmt":"2021-01-13T08:14:03","guid":{"rendered":"https:\/\/www.enprensa.org\/taboada\/wordpress\/?page_id=963"},"modified":"2021-03-18T09:19:58","modified_gmt":"2021-03-18T09:19:58","slug":"bruxismo","status":"publish","type":"page","link":"https:\/\/www.enprensa.org\/taboada\/wordpress\/bruxismo\/","title":{"rendered":"Bruxismo"},"content":{"rendered":"<p>[et_pb_section fb_built=\u00bb1&#8243; custom_padding_last_edited=\u00bbon|phone\u00bb admin_label=\u00bbHero Section\u00bb _builder_version=\u00bb4.6.6&#8243; use_background_color_gradient=\u00bbon\u00bb background_color_gradient_start=\u00bb#173160&#8243; background_color_gradient_end=\u00bbrgba(244,240,233,0)\u00bb background_color_gradient_direction=\u00bb90deg\u00bb background_color_gradient_start_position=\u00bb30%\u00bb background_color_gradient_overlays_image=\u00bbon\u00bb background_enable_image=\u00bboff\u00bb background_position=\u00bbtop_center\u00bb min_height=\u00bb192px\u00bb custom_margin=\u00bb||-32px||false|false\u00bb custom_margin_tablet=\u00bb\u00bb custom_margin_phone=\u00bb||-51px||false|false\u00bb custom_margin_last_edited=\u00bbon|phone\u00bb custom_padding=\u00bb38px|0px|27px|0px|false|false\u00bb custom_padding_tablet=\u00bb\u00bb custom_padding_phone=\u00bb35px||17px||false|false\u00bb][et_pb_row custom_padding_last_edited=\u00bboff|desktop\u00bb admin_label=\u00bbHero Area\u00bb _builder_version=\u00bb4.6.6&#8243; custom_padding=\u00bb0px|0px|0px|0px|false|false\u00bb][et_pb_column type=\u00bb4_4&#8243; _builder_version=\u00bb4.6.6&#8243; custom_padding=\u00bb||||false|false\u00bb custom_padding_tablet=\u00bb\u00bb custom_padding_phone=\u00bb\u00bb custom_padding_last_edited=\u00bbon|desktop\u00bb custom_padding__hover=\u00bb|||\u00bb][et_pb_text admin_label=\u00bbHero Title\u00bb _builder_version=\u00bb4.6.6&#8243; _module_preset=\u00bb955d8425-31b5-40c7-a826-83440925f200&#8243; text_font=\u00bbPlayfair Display||||||||\u00bb text_text_color=\u00bb#00245b\u00bb text_line_height=\u00bb1.6em\u00bb header_font=\u00bbAlice||||||||\u00bb header_font_size=\u00bb80px\u00bb header_letter_spacing=\u00bb-3px\u00bb header_line_height=\u00bb1.1em\u00bb custom_margin=\u00bb||0px|\u00bb custom_padding=\u00bb|||\u00bb animation_style=\u00bbslide\u00bb animation_direction=\u00bbleft\u00bb animation_intensity_slide=\u00bb5%\u00bb animation_starting_opacity=\u00bb100%\u00bb text_font_size_last_edited=\u00bboff|desktop\u00bb header_font_size_tablet=\u00bb\u00bb header_font_size_phone=\u00bb60px\u00bb header_font_size_last_edited=\u00bbon|phone\u00bb]<\/p>\n<h1><span color=\"#ffffff\" style=\"color: #ffffff;\">Patolog\u00edas<\/span><\/h1>\n<p>[\/et_pb_text][\/et_pb_column][\/et_pb_row][\/et_pb_section][et_pb_section fb_built=\u00bb1&#8243; custom_padding_last_edited=\u00bbon|phone\u00bb admin_label=\u00bbHistory\u00bb _builder_version=\u00bb4.6.6&#8243; background_color=\u00bb#e7efef\u00bb use_background_color_gradient=\u00bbon\u00bb background_color_gradient_start=\u00bb#ffffff\u00bb background_color_gradient_end=\u00bbrgba(213,222,232,0)\u00bb background_color_gradient_direction=\u00bb90deg\u00bb background_color_gradient_start_position=\u00bb30%\u00bb background_color_gradient_overlays_image=\u00bbon\u00bb background_enable_image=\u00bboff\u00bb min_height=\u00bb449px\u00bb custom_margin=\u00bb0px||0px||false|false\u00bb custom_margin_tablet=\u00bb\u00bb custom_margin_phone=\u00bb0px||21px||false|false\u00bb custom_margin_last_edited=\u00bbon|phone\u00bb custom_padding=\u00bb8px|0px|5px|0px|false|false\u00bb custom_padding_tablet=\u00bb\u00bb custom_padding_phone=\u00bb||11px||false|false\u00bb background_last_edited=\u00bbon|phone\u00bb background_color_gradient_direction_phone=\u00bb108deg\u00bb background_color_gradient_start_position_phone=\u00bb53%\u00bb locked=\u00bboff\u00bb][et_pb_row column_structure=\u00bb1_2,1_2&#8243; admin_label=\u00bbRow\u00bb _builder_version=\u00bb4.6.6&#8243; custom_margin=\u00bb||0px||false|false\u00bb custom_padding=\u00bb||46px||false|false\u00bb][et_pb_column type=\u00bb1_2&#8243; _builder_version=\u00bb3.25&#8243; custom_padding=\u00bb|||\u00bb custom_padding__hover=\u00bb|||\u00bb][et_pb_text admin_label=\u00bbTitle\u00bb _builder_version=\u00bb4.6.6&#8243; text_font=\u00bb||||||||\u00bb header_font=\u00bb||||||||\u00bb header_2_font=\u00bbAlice||||||||\u00bb header_2_font_size=\u00bb42px\u00bb header_2_line_height=\u00bb1.3em\u00bb custom_margin=\u00bb||20px|\u00bb animation_style=\u00bbslide\u00bb animation_direction=\u00bbtop\u00bb animation_intensity_slide=\u00bb30%\u00bb animation_starting_opacity=\u00bb100%\u00bb]<\/p>\n<h2>Bruxismo<\/h2>\n<p>[\/et_pb_text][et_pb_image src=\u00bbhttps:\/\/www.enprensa.org\/taboada\/wordpress\/wp-content\/uploads\/2021\/01\/bruxismo1.jpg\u00bb alt=\u00bbbruxismo\u00bb title_text=\u00bbbruxismo\u00bb align=\u00bbcenter\u00bb _builder_version=\u00bb4.6.6&#8243; _module_preset=\u00bbdefault\u00bb transform_scale=\u00bb109%|109%\u00bb][\/et_pb_image][\/et_pb_column][et_pb_column type=\u00bb1_2&#8243; _builder_version=\u00bb4.6.6&#8243; _module_preset=\u00bbdefault\u00bb][et_pb_text _builder_version=\u00bb4.6.6&#8243; text_font=\u00bb||||||||\u00bb text_font_size=\u00bb16px\u00bb text_line_height=\u00bb1.8em\u00bb header_font=\u00bb||||||||\u00bb header_2_font=\u00bbAlice||||||||\u00bb header_2_font_size=\u00bb60px\u00bb header_2_line_height=\u00bb1.3em\u00bb custom_padding=\u00bb||0px|||\u00bb animation_style=\u00bbfade\u00bb animation_direction=\u00bbbottom\u00bb animation_starting_opacity=\u00bb100%\u00bb]<\/p>\n<p>El<span>\u00a0<\/span><strong>bruxismo<\/strong><span>\u00a0<\/span>es el h\u00e1bito de apretar o rechinar los dientes durante el d\u00eda o tambi\u00e9n de manera m\u00e1s frecuente durante la noche.<\/p>\n<p>Los s\u00edntomas son uno o una combinaci\u00f3n de los siguientes:<\/p>\n<p><strong>\u2022 el dolor muscular mand\u00edbular<\/strong><br \/><strong>\u2022 dolor de cabeza<\/strong><br \/><strong>\u2022 acufenos (pitidos en los o\u00eddos)<\/strong><br \/><strong>\u2022 cervicalgia \u2026.<\/strong><\/p>\n<p>Las causas del bruxismo pueden ser muchas, desde una desalineaci\u00f3n de las piezas dentales o la incapacidad para relajarse en relaci\u00f3n a los niveles de estr\u00e9s, hasta tensiones musculares y bloqueos articulares de estructuras colindantes como son las cervicales, la Articulaci\u00f3n Temporo-Mandibular (ATM), tensiones de las Membranas de Tension Rec\u00edproca (MTR) o incluso fijaciones distales y posturales a nivel Sacro-Coccigeo entre otras explicaciones.<\/p>\n<p>El tratamiento a trav\u00e9s de la<span>\u00a0<\/span><strong>osteopat\u00eda<\/strong><span>\u00a0<\/span>esta encaminado a liberar la movilidad de las estructuras articulares de la ATM (Articulacion Temporo-Mandibular), de las estructuras cervicales y de las suturas craneales, as\u00ed como las tensiones musculares asociadas. Sin perder de vista toda la mec\u00e1nica postural de estructuras d\u00edstales que acaban condicionando el posicionamiento de la ATM. Por otro lado a menudo es muy aconsejable en la mayor\u00eda de estas situaciones, prevenir el desgaste de las piezas dentales con una f\u00e9rula de descarga.<\/p>\n<p>[\/et_pb_text][\/et_pb_column][\/et_pb_row][\/et_pb_section][et_pb_section fb_built=\u00bb1&#8243; _builder_version=\u00bb4.6.6&#8243; _module_preset=\u00bbdefault\u00bb custom_padding=\u00bb35px||30px|||\u00bb locked=\u00bboff\u00bb][et_pb_row column_structure=\u00bb1_2,1_2&#8243; _builder_version=\u00bb4.6.6&#8243; _module_preset=\u00bbdefault\u00bb custom_padding=\u00bb19px||18px|||\u00bb][et_pb_column type=\u00bb1_2&#8243; _builder_version=\u00bb4.6.6&#8243; _module_preset=\u00bbdefault\u00bb][et_pb_button button_url=\u00bbhttps:\/\/www.enprensa.org\/taboada\/wordpress\/\u00bb button_text=\u00bbvolver\u00bb _builder_version=\u00bb4.6.6&#8243; _module_preset=\u00bbdefault\u00bb][\/et_pb_button][\/et_pb_column][et_pb_column type=\u00bb1_2&#8243; _builder_version=\u00bb4.6.6&#8243; _module_preset=\u00bbdefault\u00bb][et_pb_button button_url=\u00bbhttps:\/\/www.enprensa.org\/taboada\/wordpress\/patologias\/\u00bb button_text=\u00bbVer todas la patolog\u00edas\u00bb button_alignment=\u00bbright\u00bb _builder_version=\u00bb4.6.6&#8243; _module_preset=\u00bbdefault\u00bb][\/et_pb_button][\/et_pb_column][\/et_pb_row][\/et_pb_section]<\/p>\n","protected":false},"excerpt":{"rendered":"<p>[et_pb_section fb_built=\u00bb1&#8243; custom_padding_last_edited=\u00bbon|phone\u00bb admin_label=\u00bbHero Section\u00bb _builder_version=\u00bb4.6.6&#8243; use_background_color_gradient=\u00bbon\u00bb background_color_gradient_start=\u00bb#173160&#8243; background_color_gradient_end=\u00bbrgba(244,240,233,0)\u00bb background_color_gradient_direction=\u00bb90deg\u00bb background_color_gradient_start_position=\u00bb30%\u00bb background_color_gradient_overlays_image=\u00bbon\u00bb background_enable_image=\u00bboff\u00bb background_position=\u00bbtop_center\u00bb min_height=\u00bb192px\u00bb custom_margin=\u00bb||-32px||false|false\u00bb custom_margin_tablet=\u00bb\u00bb custom_margin_phone=\u00bb||-51px||false|false\u00bb custom_margin_last_edited=\u00bbon|phone\u00bb custom_padding=\u00bb38px|0px|27px|0px|false|false\u00bb custom_padding_tablet=\u00bb\u00bb custom_padding_phone=\u00bb35px||17px||false|false\u00bb][et_pb_row custom_padding_last_edited=\u00bboff|desktop\u00bb admin_label=\u00bbHero Area\u00bb _builder_version=\u00bb4.6.6&#8243; custom_padding=\u00bb0px|0px|0px|0px|false|false\u00bb][et_pb_column type=\u00bb4_4&#8243; _builder_version=\u00bb4.6.6&#8243; custom_padding=\u00bb||||false|false\u00bb custom_padding_tablet=\u00bb\u00bb custom_padding_phone=\u00bb\u00bb custom_padding_last_edited=\u00bbon|desktop\u00bb custom_padding__hover=\u00bb|||\u00bb][et_pb_text admin_label=\u00bbHero Title\u00bb _builder_version=\u00bb4.6.6&#8243; _module_preset=\u00bb955d8425-31b5-40c7-a826-83440925f200&#8243; text_font=\u00bbPlayfair Display||||||||\u00bb text_text_color=\u00bb#00245b\u00bb text_line_height=\u00bb1.6em\u00bb header_font=\u00bbAlice||||||||\u00bb header_font_size=\u00bb80px\u00bb header_letter_spacing=\u00bb-3px\u00bb header_line_height=\u00bb1.1em\u00bb custom_margin=\u00bb||0px|\u00bb custom_padding=\u00bb|||\u00bb animation_style=\u00bbslide\u00bb animation_direction=\u00bbleft\u00bb animation_intensity_slide=\u00bb5%\u00bb animation_starting_opacity=\u00bb100%\u00bb text_font_size_last_edited=\u00bboff|desktop\u00bb header_font_size_tablet=\u00bb\u00bb header_font_size_phone=\u00bb60px\u00bb [&hellip;]<\/p>\n","protected":false},"author":1,"featured_media":0,"parent":0,"menu_order":0,"comment_status":"closed","ping_status":"closed","template":"","meta":{"_et_pb_use_builder":"on","_et_pb_old_content":"","_et_gb_content_width":"","_joinchat":[],"footnotes":""},"class_list":["post-963","page","type-page","status-publish","hentry"],"_links":{"self":[{"href":"https:\/\/www.enprensa.org\/taboada\/wordpress\/wp-json\/wp\/v2\/pages\/963","targetHints":{"allow":["GET"]}}],"collection":[{"href":"https:\/\/www.enprensa.org\/taboada\/wordpress\/wp-json\/wp\/v2\/pages"}],"about":[{"href":"https:\/\/www.enprensa.org\/taboada\/wordpress\/wp-json\/wp\/v2\/types\/page"}],"author":[{"embeddable":true,"href":"https:\/\/www.enprensa.org\/taboada\/wordpress\/wp-json\/wp\/v2\/users\/1"}],"replies":[{"embeddable":true,"href":"https:\/\/www.enprensa.org\/taboada\/wordpress\/wp-json\/wp\/v2\/comments?post=963"}],"version-history":[{"count":6,"href":"https:\/\/www.enprensa.org\/taboada\/wordpress\/wp-json\/wp\/v2\/pages\/963\/revisions"}],"predecessor-version":[{"id":1204,"href":"https:\/\/www.enprensa.org\/taboada\/wordpress\/wp-json\/wp\/v2\/pages\/963\/revisions\/1204"}],"wp:attachment":[{"href":"https:\/\/www.enprensa.org\/taboada\/wordpress\/wp-json\/wp\/v2\/media?parent=963"}],"curies":[{"name":"wp","href":"https:\/\/api.w.org\/{rel}","templated":true}]}}